{"id":429,"date":"2025-01-31T01:05:03","date_gmt":"2025-01-31T00:05:03","guid":{"rendered":"https:\/\/www.diseco.eu\/stage\/?page_id=429"},"modified":"2025-03-06T17:56:19","modified_gmt":"2025-03-06T16:56:19","slug":"contact-hu","status":"publish","type":"page","link":"https:\/\/www.diseco.eu\/stage\/contact-hu\/","title":{"rendered":"Contact HU"},"content":{"rendered":"\n\n\n<h2>L\u00e9pjen kapcsolatba vel\u00fcnk<\/h2>\n\n\n\n<p>C\u00edm: Cerni Drin utca 2, lak\u00e1s 9<\/p><p>VRATSA 3000 &#8211; Bulg\u00e1ria<\/p>\n\n\n<p>\n\n\n\n\n\n\n\n\n\nTelefon: +(359) 879 890 836 <\/p><p>Email: info@diseco.eu<\/p>\n\n\n<p>H\u00e9tf\u0151t\u0151l p\u00e9ntekig: 9-t\u0151l 18 \u00f3r\u00e1ig<\/p>\n<p>Szombat \u00e9s Vas\u00e1rnap: <span style=\"color: #45c4e9ff;\">z\u00e1rva<\/span><\/p>\n\n\n\n\n\n\n<h2>K\u00fcldj nek\u00fcnk \u00fczenetet<\/h2>\n\n\n\n\n\n\n\n\n\n\nCherni Drin 2, Vratza, BULGARIA\n\n\n","protected":false},"excerpt":{"rendered":"","protected":false},"author":1,"featured_media":0,"parent":0,"menu_order":0,"comment_status":"closed","ping_status":"closed","template":"","meta":{"pagelayer_contact_templates":{"7xe9326":{"to_email":"info@diseco.eu","from_email":"web@diseco.eu","cont_subject":"$Subject-hu","cont_body":"Nome: $Name-hu\nEmail: $Email-hu\nTelefono: $Phone-hu\nMessaggio: $Message-hu","cont_use_html":"true"}},"_pagelayer_content":"","footnotes":""},"class_list":["post-429","page","type-page","status-publish","hentry"],"_links":{"self":[{"href":"https:\/\/www.diseco.eu\/stage\/wp-json\/wp\/v2\/pages\/429","targetHints":{"allow":["GET"]}}],"collection":[{"href":"https:\/\/www.diseco.eu\/stage\/wp-json\/wp\/v2\/pages"}],"about":[{"href":"https:\/\/www.diseco.eu\/stage\/wp-json\/wp\/v2\/types\/page"}],"author":[{"embeddable":true,"href":"https:\/\/www.diseco.eu\/stage\/wp-json\/wp\/v2\/users\/1"}],"replies":[{"embeddable":true,"href":"https:\/\/www.diseco.eu\/stage\/wp-json\/wp\/v2\/comments?post=429"}],"version-history":[{"count":14,"href":"https:\/\/www.diseco.eu\/stage\/wp-json\/wp\/v2\/pages\/429\/revisions"}],"predecessor-version":[{"id":1183,"href":"https:\/\/www.diseco.eu\/stage\/wp-json\/wp\/v2\/pages\/429\/revisions\/1183"}],"wp:attachment":[{"href":"https:\/\/www.diseco.eu\/stage\/wp-json\/wp\/v2\/media?parent=429"}],"curies":[{"name":"wp","href":"https:\/\/api.w.org\/{rel}","templated":true}]}}