{"id":431,"date":"2025-01-31T01:05:42","date_gmt":"2025-01-31T00:05:42","guid":{"rendered":"https:\/\/www.diseco.eu\/stage\/?page_id=431"},"modified":"2025-03-06T17:57:53","modified_gmt":"2025-03-06T16:57:53","slug":"contact-pl","status":"publish","type":"page","link":"https:\/\/www.diseco.eu\/stage\/contact-pl\/","title":{"rendered":"Contact PL"},"content":{"rendered":"\n\n\n<h2>Skontaktuj si\u0119 z nami<\/h2>\n\n\n\n<p>Adres: ul. Cerni Drin 2, apartament 9<\/p><p>VRATSA 3000<\/p><p>Bu\u0142garia<\/p>\n\n\n<p>\n\n\n\n\n\n\n\n\n\nTelefon: +(359) 879 890 836<\/p><p>Email: info@diseco.eu<\/p><p><br><\/p>\n\n\n<p>Poniedzia\u0142ek &#8211; pi\u0105tek: od 9 rano do 6 wieczorem<\/p>\n<p>Sobota i niedziela: <span style=\"color: #45c4e9ff;\">zamkni\u0119te<\/span><\/p>\n\n\n\n\n\n\n<h2>Wy\u015blij nam wiadomo\u015b\u0107<\/h2>\n\n\n\n\n\n\n\n\n\n\nCherni Drin 2, Vratza, BULGARIA\n\n\n","protected":false},"excerpt":{"rendered":"","protected":false},"author":1,"featured_media":0,"parent":0,"menu_order":0,"comment_status":"closed","ping_status":"closed","template":"","meta":{"pagelayer_contact_templates":{"7xe9326":{"to_email":"info@diseco.eu","from_email":"web@diseco.eu","cont_subject":"$Subject-pl","cont_body":"Nome: $Name-pl\nEmail: $Email-pl\nTelefono: $Phone-pl\nMessaggio: $Message-pl","cont_use_html":"true"}},"_pagelayer_content":"","footnotes":""},"class_list":["post-431","page","type-page","status-publish","hentry"],"_links":{"self":[{"href":"https:\/\/www.diseco.eu\/stage\/wp-json\/wp\/v2\/pages\/431","targetHints":{"allow":["GET"]}}],"collection":[{"href":"https:\/\/www.diseco.eu\/stage\/wp-json\/wp\/v2\/pages"}],"about":[{"href":"https:\/\/www.diseco.eu\/stage\/wp-json\/wp\/v2\/types\/page"}],"author":[{"embeddable":true,"href":"https:\/\/www.diseco.eu\/stage\/wp-json\/wp\/v2\/users\/1"}],"replies":[{"embeddable":true,"href":"https:\/\/www.diseco.eu\/stage\/wp-json\/wp\/v2\/comments?post=431"}],"version-history":[{"count":11,"href":"https:\/\/www.diseco.eu\/stage\/wp-json\/wp\/v2\/pages\/431\/revisions"}],"predecessor-version":[{"id":1184,"href":"https:\/\/www.diseco.eu\/stage\/wp-json\/wp\/v2\/pages\/431\/revisions\/1184"}],"wp:attachment":[{"href":"https:\/\/www.diseco.eu\/stage\/wp-json\/wp\/v2\/media?parent=431"}],"curies":[{"name":"wp","href":"https:\/\/api.w.org\/{rel}","templated":true}]}}