{"id":442,"date":"2025-01-31T01:13:54","date_gmt":"2025-01-31T00:13:54","guid":{"rendered":"https:\/\/www.diseco.eu\/stage\/?page_id=442"},"modified":"2025-03-26T19:17:35","modified_gmt":"2025-03-26T18:17:35","slug":"home-pl","status":"publish","type":"page","link":"https:\/\/www.diseco.eu\/stage\/home-pl\/","title":{"rendered":"Home PL"},"content":{"rendered":"\n\n\n<h2>Witamy w naszej firmie<\/h2>\n\n\n\n\n<h2>Us\u0142ugi<\/h2>\n<p>R\u00f3\u017cnorodne us\u0142ugi dost\u0119pne dla spo\u0142eczno\u015bci\u00e0<\/p>\n\n\n\n<h2>Doradztwo biznesowe<\/h2>\n<p>Pomagamy firmom osi\u0105gn\u0105\u0107 sukces w biznesie<\/p>\n\n\n\n<h2>Rozw\u00f3j oprogramowania<\/h2>\n<p>Tworzymy rozwi\u0105zania programowe dostosowane do potrzeb klienta<\/p>\n\n\n\n\n\n\n\n<h2>Nasza firma<br><\/h2>\n\n<p style=\"text-align: center;\">Zosta\u0142a utworzona przez r\u00f3\u017cne osobisto\u015bci zawodowe z zamiarem przesuni\u0119cia si\u0119 o <strong>360\u00b0<\/strong> w \u015bwiecie us\u0142ug<\/p>\n\n\n\n<p>Lorem Ipsum has been the industry&#8217;s standard dummy text ever since the 1500s.<\/p>\n\n\n\n<h2>Projektujemy idealne rozwi\u0105zania w zakresie us\u0142ug, doradztwa biznesowego i rozwoju oprogramowania<\/h2>\n\n\n\n\n\n\n\n\n<h2><font style=\"vertical-align: inherit;\"><font style=\"vertical-align: inherit;\" class=\"\">Nasi Partnerzy<\/font><\/font><\/h2>\n\n<p style=\"text-align: center;\">Lista us\u0142ug \u015bwiadczonych przez naszych partner\u00f3w:<\/p>\n\n\n\n\n\n\n\n\n\n\n\n\n\n\n\n\n\n\n\n\n\n\n\n\n\n\n\n\n\n\n\n\n\n\n\n\n\n\n\n\n\n\n\n\n\n\n\n\n\n\n\n\n\n\n\n\n\n\n\n\n\n\n\n\n\n\n\n\n\n\n\n\n\n\n\n\n\n\n\n\n\n\n\n\n\n\n\n\n\n\n\n\n\n\n\n\n\n\n\n\n\n\n\n\n\n\n\n\n\n\n\n\n\n\n\n\n\n\n\n\n\n\n\n\n\n\n\n\n\n\n\n\n\n\n\n\n\n\n\n\n\n\n\n\n\n\n\n\n\n\n\n\n\n\n\n\n\n\n\n\n\n\n\n\n\n\n\n\n\n\n\n\n\n\n\n\n\n\n\n\n\n\n\n\n\n\n\n\n\n\n\n\n\n\n\n\n\n\n\n<h2>Pomagamy naszym <span style=\"color:#000000;\">klientom<\/span>aby osi\u0105gn\u0105\u0107 swoje <span style=\"color:#000000;\">cele<\/span><\/h2>\n\n\n<p>Automatyzujemy procesy, aby zwi\u0119kszy\u0107 wydajno\u015b\u0107 i efektywno\u015b\u0107<\/p>\n\n\n\n\n<h2>Nasza wizja<\/h2>\n\n\n\n\n<p>Lorem Ipsum has been the industry&#8217;s standard dummy text ever since the 1500s.<\/p>\n\n\n\n<h5><em>Technologia<\/em> jest sercem tego, co robimy<\/h5>\n<p>Zaprojektowali\u015bmy i stworzyli\u015bmy platform\u0119 technologiczn\u0105 rozwi\u0105zuj\u0105c\u0105 wszystkie problemy zarz\u0105dcze<\/p>\n\n\n\n\n\n\nNasz zesp\u00f3\u0142\n\n<p style=\"text-align: center;\">Tworz\u0105 j\u0105 profesjonali\u015bci, kt\u00f3rzy po\u0142\u0105czyli swoje umiej\u0119tno\u015bci rozwijane przez lata dzia\u0142alno\u015bci przedsi\u0119biorczej<\/p>\n\n\n\n\n\n\n\n<h2>Wyniki<br><\/h2>\n\n\n\n\n\n<p style=\"text-align: center;\">Bu\u0142garia, Gruzja, W\u0142ochy, Polska, W\u0119gry<br><\/p>\n\n\n\n\n\n\n\n\n\n\n\n\n","protected":false},"excerpt":{"rendered":"","protected":false},"author":1,"featured_media":0,"parent":0,"menu_order":0,"comment_status":"closed","ping_status":"closed","template":"","meta":{"pagelayer_contact_templates":[],"_pagelayer_content":"","footnotes":""},"class_list":["post-442","page","type-page","status-publish","hentry"],"_links":{"self":[{"href":"https:\/\/www.diseco.eu\/stage\/wp-json\/wp\/v2\/pages\/442","targetHints":{"allow":["GET"]}}],"collection":[{"href":"https:\/\/www.diseco.eu\/stage\/wp-json\/wp\/v2\/pages"}],"about":[{"href":"https:\/\/www.diseco.eu\/stage\/wp-json\/wp\/v2\/types\/page"}],"author":[{"embeddable":true,"href":"https:\/\/www.diseco.eu\/stage\/wp-json\/wp\/v2\/users\/1"}],"replies":[{"embeddable":true,"href":"https:\/\/www.diseco.eu\/stage\/wp-json\/wp\/v2\/comments?post=442"}],"version-history":[{"count":21,"href":"https:\/\/www.diseco.eu\/stage\/wp-json\/wp\/v2\/pages\/442\/revisions"}],"predecessor-version":[{"id":1351,"href":"https:\/\/www.diseco.eu\/stage\/wp-json\/wp\/v2\/pages\/442\/revisions\/1351"}],"wp:attachment":[{"href":"https:\/\/www.diseco.eu\/stage\/wp-json\/wp\/v2\/media?parent=442"}],"curies":[{"name":"wp","href":"https:\/\/api.w.org\/{rel}","templated":true}]}}