{"id":788,"date":"2025-02-06T22:11:19","date_gmt":"2025-02-06T21:11:19","guid":{"rendered":"https:\/\/www.diseco.eu\/stage\/?page_id=788"},"modified":"2025-03-06T10:23:28","modified_gmt":"2025-03-06T09:23:28","slug":"work-hu","status":"publish","type":"page","link":"https:\/\/www.diseco.eu\/stage\/work-hu\/","title":{"rendered":"Work HU"},"content":{"rendered":"\n\n\nDolgozz vel\u00fcnk\n\n\n\n<p><\/p><p>C\u00edm: Cerni Drin utca 2, lak\u00e1s 9<\/p><p>VRATSA 3000 &#8211; Bulg\u00e1ria<\/p><p><\/p>\n\n\n<p>\n\n\n\n\n\n\n\n\n\nTelefon: +(359) 879 890 836 <\/p><p>Email: commerciale@diseco.eu<\/p>\n\n\n<p>H\u00e9tf\u0151t\u0151l p\u00e9ntekig: 9-t\u0151l 18 \u00f3r\u00e1ig<\/p>\n<p>Szombat \u00e9s Vas\u00e1rnap: <span style=\"color: #45c4e9ff;\">z\u00e1rva<\/span><\/p>\n\n\n\n\n\n\n<h2>K\u00fcldj nek\u00fcnk \u00fczenetet<\/h2>\n\n\n\n\n\n\n\n\n\n\nCherni Drin 2, Vratza, BULGARIA\n\n\n","protected":false},"excerpt":{"rendered":"","protected":false},"author":1,"featured_media":0,"parent":0,"menu_order":0,"comment_status":"closed","ping_status":"closed","template":"","meta":{"pagelayer_contact_templates":{"sqj44":{"to_email":"commerciale@diseco.eu","from_email":"web@diseco.eu","cont_subject":"$Subject-hu","cont_body":"Nome: $Name-hu\nEmail: $Email-hu\nTelefono: $Phone-hu\nMessaggio: $Message-hu","cont_use_html":"true"}},"_pagelayer_content":"","footnotes":""},"class_list":["post-788","page","type-page","status-publish","hentry"],"_links":{"self":[{"href":"https:\/\/www.diseco.eu\/stage\/wp-json\/wp\/v2\/pages\/788","targetHints":{"allow":["GET"]}}],"collection":[{"href":"https:\/\/www.diseco.eu\/stage\/wp-json\/wp\/v2\/pages"}],"about":[{"href":"https:\/\/www.diseco.eu\/stage\/wp-json\/wp\/v2\/types\/page"}],"author":[{"embeddable":true,"href":"https:\/\/www.diseco.eu\/stage\/wp-json\/wp\/v2\/users\/1"}],"replies":[{"embeddable":true,"href":"https:\/\/www.diseco.eu\/stage\/wp-json\/wp\/v2\/comments?post=788"}],"version-history":[{"count":8,"href":"https:\/\/www.diseco.eu\/stage\/wp-json\/wp\/v2\/pages\/788\/revisions"}],"predecessor-version":[{"id":1163,"href":"https:\/\/www.diseco.eu\/stage\/wp-json\/wp\/v2\/pages\/788\/revisions\/1163"}],"wp:attachment":[{"href":"https:\/\/www.diseco.eu\/stage\/wp-json\/wp\/v2\/media?parent=788"}],"curies":[{"name":"wp","href":"https:\/\/api.w.org\/{rel}","templated":true}]}}