{"id":790,"date":"2025-02-06T22:12:16","date_gmt":"2025-02-06T21:12:16","guid":{"rendered":"https:\/\/www.diseco.eu\/stage\/?page_id=790"},"modified":"2025-03-06T10:24:23","modified_gmt":"2025-03-06T09:24:23","slug":"work-pl","status":"publish","type":"page","link":"https:\/\/www.diseco.eu\/stage\/work-pl\/","title":{"rendered":"Work PL"},"content":{"rendered":"\n\n\nPracuj z nami\n\n\n\n<p>Adres: ul. Cerni Drin 2, apartament 9<\/p><p>VRATSA 3000<\/p><p>Bu\u0142garia<\/p><p><\/p>\n\n\n<p>\n\n\n\n\n\n\n\n\n\nTelefon: +(359) 879 890 836<\/p><p>Email: commerciale@diseco.eu<\/p><p><br><\/p>\n\n\n<p>Poniedzia\u0142ek &#8211; pi\u0105tek: od 9 rano do 6 wieczorem<\/p>\n<p>Sobota i niedziela: <span style=\"color: #45c4e9ff;\">zamkni\u0119te<\/span><\/p>\n\n\n\n\n\n\n<h2>Wy\u015blij nam wiadomo\u015b\u0107<\/h2>\n\n\n\n\n\n\n\n\n\n\nCherni Drin 2, Vratza, BULGARIA\n\n\n","protected":false},"excerpt":{"rendered":"","protected":false},"author":1,"featured_media":0,"parent":0,"menu_order":0,"comment_status":"closed","ping_status":"closed","template":"","meta":{"pagelayer_contact_templates":{"2xf8335":{"to_email":"commerciale@diseco.eu","from_email":"web@diseco.eu","cont_subject":"$Subject-pl","cont_body":"Nome: $Name-pl\nEmail: $Email-pl\nTelefono: $Phone-pl\nMessaggio: $Message-pl","cont_use_html":"true"}},"_pagelayer_content":"","footnotes":""},"class_list":["post-790","page","type-page","status-publish","hentry"],"_links":{"self":[{"href":"https:\/\/www.diseco.eu\/stage\/wp-json\/wp\/v2\/pages\/790","targetHints":{"allow":["GET"]}}],"collection":[{"href":"https:\/\/www.diseco.eu\/stage\/wp-json\/wp\/v2\/pages"}],"about":[{"href":"https:\/\/www.diseco.eu\/stage\/wp-json\/wp\/v2\/types\/page"}],"author":[{"embeddable":true,"href":"https:\/\/www.diseco.eu\/stage\/wp-json\/wp\/v2\/users\/1"}],"replies":[{"embeddable":true,"href":"https:\/\/www.diseco.eu\/stage\/wp-json\/wp\/v2\/comments?post=790"}],"version-history":[{"count":7,"href":"https:\/\/www.diseco.eu\/stage\/wp-json\/wp\/v2\/pages\/790\/revisions"}],"predecessor-version":[{"id":1164,"href":"https:\/\/www.diseco.eu\/stage\/wp-json\/wp\/v2\/pages\/790\/revisions\/1164"}],"wp:attachment":[{"href":"https:\/\/www.diseco.eu\/stage\/wp-json\/wp\/v2\/media?parent=790"}],"curies":[{"name":"wp","href":"https:\/\/api.w.org\/{rel}","templated":true}]}}